{"id":27,"date":"2020-03-22T15:36:38","date_gmt":"2020-03-22T15:36:38","guid":{"rendered":"http:\/\/flagito.ee\/?page_id=27"},"modified":"2020-03-22T15:36:52","modified_gmt":"2020-03-22T15:36:52","slug":"submit-claim-1","status":"publish","type":"page","link":"https:\/\/flagito.eu\/en\/submit-claim-1\/","title":{"rendered":"Claim 1"},"content":{"rendered":"","protected":false},"excerpt":{"rendered":"","protected":false},"author":1,"featured_media":0,"parent":0,"menu_order":0,"comment_status":"closed","ping_status":"closed","template":"templates\/page-form-1.php","meta":[],"yoast_head":"<!-- This site is optimized with the Yoast SEO plugin v19.6 - https:\/\/yoast.com\/wordpress\/plugins\/seo\/ -->\n<title>Claim 1 - Lennuh\u00fcvitis kui lend hilineb v\u00f5i t\u00fchistatakse<\/title>\n<meta name=\"robots\" content=\"index, follow, max-snippet:-1, max-image-preview:large, max-video-preview:-1\" \/>\n<link rel=\"canonical\" href=\"https:\/\/flagito.eu\/en\/submit-claim-1\/\" \/>\n<meta property=\"og:locale\" content=\"en_US\" \/>\n<meta property=\"og:type\" content=\"article\" \/>\n<meta property=\"og:title\" content=\"Claim 1 - Lennuh\u00fcvitis kui lend hilineb v\u00f5i t\u00fchistatakse\" \/>\n<meta property=\"og:url\" content=\"https:\/\/flagito.eu\/en\/submit-claim-1\/\" \/>\n<meta property=\"og:site_name\" content=\"Lennuh\u00fcvitis kui lend hilineb v\u00f5i t\u00fchistatakse\" \/>\n<meta property=\"article:publisher\" content=\"https:\/\/www.facebook.com\/Flagito\" \/>\n<meta property=\"article:modified_time\" content=\"2020-03-22T15:36:52+00:00\" \/>\n<meta name=\"twitter:card\" content=\"summary_large_image\" \/>\n<script type=\"application\/ld+json\" class=\"yoast-schema-graph\">{\"@context\":\"https:\/\/schema.org\",\"@graph\":[{\"@type\":\"WebPage\",\"@id\":\"https:\/\/flagito.eu\/en\/submit-claim-1\/\",\"url\":\"https:\/\/flagito.eu\/en\/submit-claim-1\/\",\"name\":\"Claim 1 - Lennuh\u00fcvitis kui lend hilineb v\u00f5i t\u00fchistatakse\",\"isPartOf\":{\"@id\":\"https:\/\/flagito.eu\/#website\"},\"datePublished\":\"2020-03-22T15:36:38+00:00\",\"dateModified\":\"2020-03-22T15:36:52+00:00\",\"breadcrumb\":{\"@id\":\"https:\/\/flagito.eu\/en\/submit-claim-1\/#breadcrumb\"},\"inLanguage\":\"en-US\",\"potentialAction\":[{\"@type\":\"ReadAction\",\"target\":[\"https:\/\/flagito.eu\/en\/submit-claim-1\/\"]}]},{\"@type\":\"BreadcrumbList\",\"@id\":\"https:\/\/flagito.eu\/en\/submit-claim-1\/#breadcrumb\",\"itemListElement\":[{\"@type\":\"ListItem\",\"position\":1,\"name\":\"Home\",\"item\":\"https:\/\/flagito.eu\/en\/\"},{\"@type\":\"ListItem\",\"position\":2,\"name\":\"Claim 1\"}]},{\"@type\":\"WebSite\",\"@id\":\"https:\/\/flagito.eu\/#website\",\"url\":\"https:\/\/flagito.eu\/\",\"name\":\"Lennuh\u00fcvitis kui lend hilineb v\u00f5i t\u00fchistatakse\",\"description\":\"Lennuh\u00fcvitis kui lend hilineb v\u00f5i t\u00fchistatakse\",\"inLanguage\":\"en-US\"}]}<\/script>\n<!-- \/ Yoast SEO plugin. -->","yoast_head_json":{"title":"Claim 1 - Lennuh\u00fcvitis kui lend hilineb v\u00f5i t\u00fchistatakse","robots":{"index":"index","follow":"follow","max-snippet":"max-snippet:-1","max-image-preview":"max-image-preview:large","max-video-preview":"max-video-preview:-1"},"canonical":"https:\/\/flagito.eu\/en\/submit-claim-1\/","og_locale":"en_US","og_type":"article","og_title":"Claim 1 - Lennuh\u00fcvitis kui lend hilineb v\u00f5i t\u00fchistatakse","og_url":"https:\/\/flagito.eu\/en\/submit-claim-1\/","og_site_name":"Lennuh\u00fcvitis kui lend hilineb v\u00f5i t\u00fchistatakse","article_publisher":"https:\/\/www.facebook.com\/Flagito","article_modified_time":"2020-03-22T15:36:52+00:00","twitter_card":"summary_large_image","schema":{"@context":"https:\/\/schema.org","@graph":[{"@type":"WebPage","@id":"https:\/\/flagito.eu\/en\/submit-claim-1\/","url":"https:\/\/flagito.eu\/en\/submit-claim-1\/","name":"Claim 1 - Lennuh\u00fcvitis kui lend hilineb v\u00f5i t\u00fchistatakse","isPartOf":{"@id":"https:\/\/flagito.eu\/#website"},"datePublished":"2020-03-22T15:36:38+00:00","dateModified":"2020-03-22T15:36:52+00:00","breadcrumb":{"@id":"https:\/\/flagito.eu\/en\/submit-claim-1\/#breadcrumb"},"inLanguage":"en-US","potentialAction":[{"@type":"ReadAction","target":["https:\/\/flagito.eu\/en\/submit-claim-1\/"]}]},{"@type":"BreadcrumbList","@id":"https:\/\/flagito.eu\/en\/submit-claim-1\/#breadcrumb","itemListElement":[{"@type":"ListItem","position":1,"name":"Home","item":"https:\/\/flagito.eu\/en\/"},{"@type":"ListItem","position":2,"name":"Claim 1"}]},{"@type":"WebSite","@id":"https:\/\/flagito.eu\/#website","url":"https:\/\/flagito.eu\/","name":"Lennuh\u00fcvitis kui lend hilineb v\u00f5i t\u00fchistatakse","description":"Lennuh\u00fcvitis kui lend hilineb v\u00f5i t\u00fchistatakse","inLanguage":"en-US"}]}},"_links":{"self":[{"href":"https:\/\/flagito.eu\/en\/wp-json\/wp\/v2\/pages\/27"}],"collection":[{"href":"https:\/\/flagito.eu\/en\/wp-json\/wp\/v2\/pages"}],"about":[{"href":"https:\/\/flagito.eu\/en\/wp-json\/wp\/v2\/types\/page"}],"author":[{"embeddable":true,"href":"https:\/\/flagito.eu\/en\/wp-json\/wp\/v2\/users\/1"}],"replies":[{"embeddable":true,"href":"https:\/\/flagito.eu\/en\/wp-json\/wp\/v2\/comments?post=27"}],"version-history":[{"count":2,"href":"https:\/\/flagito.eu\/en\/wp-json\/wp\/v2\/pages\/27\/revisions"}],"predecessor-version":[{"id":29,"href":"https:\/\/flagito.eu\/en\/wp-json\/wp\/v2\/pages\/27\/revisions\/29"}],"wp:attachment":[{"href":"https:\/\/flagito.eu\/en\/wp-json\/wp\/v2\/media?parent=27"}],"curies":[{"name":"wp","href":"https:\/\/api.w.org\/{rel}","templated":true}]}}