{"id":68,"date":"2020-07-20T17:07:23","date_gmt":"2020-07-20T17:07:23","guid":{"rendered":"http:\/\/flagito.ee\/?page_id=68"},"modified":"2023-04-09T14:14:46","modified_gmt":"2023-04-09T14:14:46","slug":"terms-and-conditions","status":"publish","type":"page","link":"https:\/\/flagito.eu\/en\/terms-and-conditions\/","title":{"rendered":"Terms &#038; Conditions"},"content":{"rendered":"<h1>Terms &amp; Conditions<\/h1>\n<h3>1. Definitions<\/h3>\n<p>1.\u00a0<strong>Flagito<\/strong>\u00a0\u2013 Flagito O\u00dc is an enterprise that helps clients to claim compensatory damages and\/or Compensation. from air carriers according to different regulations and acts.<br \/>\n2.\u00a0<strong>Client\u00a0<\/strong>\u2013 A natural person who has agreed to the present conditions and has provided information and filled the questionary<br \/>\n3.\u00a0<strong>Compensation\u00a0<\/strong>\u2013 Monetary payment paid by the air carrier according to the Regulation article 7 \u2013 250, 400 or 600 euros \u2013 or Convention (can also be compromise).<br \/>\n4.\u00a0<strong>Web Platform<\/strong>\u00a0\u2013Internet page flagito.eu or flagito.ee<br \/>\n5.\u00a0<strong>Questionary<\/strong>\u00a0\u2013 Part of the contract where Client provides information on contacts and describes the circumstances which can be the grounds for possible compensation \u2013 delayed flight, cancelled flight, denied boarding, upgrading and downgrading.<br \/>\n6.\u00a0<strong>Delayed flight<\/strong>\u00a0\u2013 Flight passenger arrives to destination more than three hours after the original planned arrival time.<br \/>\n7.\u00a0<strong>Flight\u00a0Cancellation<\/strong>\u00a0\u2013 means the non-operation of a flight which was previously planned and on which at least one place was reserved.<br \/>\n8.\u00a0<strong>Downgrading\u00a0<\/strong>\u2013 When an operating air carrier places a passenger in a class lower than that for which the ticket was purchased.<br \/>\n9.\u00a0<strong>Denied Boarding<\/strong>\u00a0\u2013 means a refusal to carry passengers on a flight although they have a confirmed reservation on the flight concerned and they have presented themselves for boarding at the time indicated in advance and in writing by the air carrier, the tour operator or an authorized travel agent (if no time indicated then not later than 45 minutes before the published departure time) except where there are reasonable grounds to deny them boarding, such as reasons of health, safety or security, or inadequate travel documentation.<br \/>\n10.\u00a0<strong>Regulation\u00a0<\/strong>\u2013 Regulation (EC) No 261\/2004 of the European Parliament and of the Council establishing common rules on compensation and assistance to passengers in the event of denied boarding and of cancellation or long delay of flights.<br \/>\n11.\u00a0<strong>Convention<\/strong>\u2013 Convention for the Unification of Certain Rules for International Carriage by Air (the Montreal Convention)<br \/>\n12.\u00a0<strong>Claim\u00a0<\/strong>\u2013 Monetary claim which the passenger has against the air carrier arising from the legal relationship between them<br \/>\n13.\u00a0<strong>Price list<\/strong>\u00a0\u2013 Fees published on the web platform which regulate the assignment of claim by the Client.<br \/>\n14.\u00a0<strong>Contract<\/strong>\u2013Contract between the client and Flagito which is concluded according to the regulation in the third part of this terms of use. Terms of use and annexes are part of the contract and inseparable.<br \/>\n14.1.\u00a0<strong>Authorization\u00a0<\/strong>\u2013 Client (principal) grants Flagito (representative) authorization in the following: Represent the Client in the legal disputes in court proceedings, administrative proceedings, bodies conducting extra-judicial proceedings, National Enforcement Bodies and in other institutions including but not limited to administrative proceedings, misdemeanor proceedings, civil proceedings, extra-judicial proceedings etc. The authorization is granted for unspecified term and the Representative does not have the right to delegate the authority.<br \/>\n15.<strong>\u00a0Terms of Use<\/strong> \u2013\u00a0Regulation applicable on persons who use the Web Platform \u2013 Clients and other persons who use Web Platform.<\/p>\n<h3>2. Purpose of the Contract<\/h3>\n<p>16. The purpose of this contract is to regulate the legal relationship between the Client and Flagito. With this Contract the Client assigns his\/her claims (including penalty for late payment; compensation for collection costs etc) against the air carrier in full to Flagito. According to the contract and the claim Flagito shall claim Compensation or damages from the air carrier.<\/p>\n<h3>3. Concluding a contract<\/h3>\n<p>17. Upon entry onto the web platform Flagito makes an offer to unspecified persons to conclude a contract in accordance with the Terms &amp; Conditions.<br \/>\n18. A person accepts an offer when all the required fields of the questionary are filled, a signature is provided, Terms of Use are accepted and the button \u201eResult\u201c is pressed. The aforementioned constitutes an assignment of claim of the Client to Flagito O\u00dc and a concluded contract between the Client and Flagito.<br \/>\n19. The text visible at the end of the questionary does not influence the validity of neither the assignment nor the conclusion of the contract.<br \/>\n20. Flagito considers the consent to conclude a contract on the grounds of Terms &amp; Conditions to be provided by the Client after the button \u201cResult\u201d has been pressed.<br \/>\n21.1. The contract is concluded in two (2) equal copies. Flagito has one and the other is sent to client with an e-mail.<br \/>\n21.2 When a party of this contract is with a restricted active legal capacity a contract is sent to the guardian with what the guardian affirms that he\/she is the guardian of the natural person whose active legal capacity is restricted. The contract is concluded in two (2) equal copies. Flagito has one and the other is sent to client with an e-mail.<\/p>\n<h3>4. Obligations and rights<\/h3>\n<p>22. The Client shall use the Web Platform only in accordance with the Terms of Use.<br \/>\n23. The Client must follow all the laws, intellectual property regulations and good custom when using the Web Platform.<br \/>\n24. The Client hereby confirms that he\/she has not assigned the claim to a third person.<br \/>\n25. The Client may not assign the claim nor ask for help (service) from a third person when this contract between Flagito and the Client is valid. The Client hereby confirms that there are no active or finished proceedings regarding the claim assigned to Flagito.<br \/>\n26. The Client must provide additional information regarding the claim when required so by Flagito.<br \/>\n27. After concluding this contract, the Client must immediately forward every contacting attempt from an air carrier to Flagito.<br \/>\n28. The Client must immediately notify Flagito in case she\/he has received any form of compensation or help from the air carrier.<br \/>\n29. The Client is fully responsible for the provided information. In case of misinformation the Client is fully responsible for the damages.<br \/>\n30. The Client has the right to ask information regarding the proceedings from Flagito. The Client may ask information only regarding his\/her own Compensation proceedings.<\/p>\n<h3>5. Description of the procedure<\/h3>\n<p>31. The Client provides the required information to Flagito using the Web Platform.<br \/>\n32. After accepting the Terms of Use and concluding the contract Flagito shall begin with proceedings against the air carrier.<br \/>\n33. Flagito shall file the claim to air carrier and handle the proceedings and negotiations.<br \/>\n34. Flagito has the exclusive right to decide which legal remedies shall be used in proceedings against the air carrier.<br \/>\n35. Flagito has the right to file a claim in Estonian or foreign consumer protection agency or other institutions like the.<br \/>\n36. Flagito has the right to solve the claim in arbitration.<br \/>\n37. Flagito has the right to file a claim in Estonian or foreign court system.<br \/>\n38. Flagito has the right to accept a settlement offering from the air carrier when the air carrier accepts to pay more than 70% of the Compensation.<br \/>\n39. When accepting a settlement Flagito shall pay to Client according to the price list in proportion to the settled amount<br \/>\n40. Flagito bears all the costs of proceedings.<\/p>\n<h3>6. Price list<\/h3>\n<p>41. Flagito pays to Client only the following amounts of the Compensation:<br \/>\nMonetary Compensation: Departure &amp; destination (km)<br \/>\nCompensation (250 \u20ac) A flight of less than 1500 km<br \/>\nCompensation (400 \u20ac) A flight of 1500 to 3500 km<br \/>\nCompensation (600 \u20ac) A flight of greater than 3500 km<br \/>\n42. The Client shall receive 70% of the value of the satisfied Compensation. Flagito shall receive the 30%.<br \/>\n\u2022 When the flight is less than 1500 km then the Client has the right to receive 250 euros of Compensation. In that case, Flagito shall receive 75 euros of that 250 euros.<br \/>\n\u2022 When the flight is between 1500 and 3500 km then the Client has the right to receive 400 euros of Compensation. In that case, Flagito shall receive 120 euros of that 400 euros<br \/>\n\u2022 When the flight is more than 3500 km then the Client has the right to receive 600 euros of Compensation. In that case, Flagito shall receive 180 euros of that 600 euros.<br \/>\n43. In every other instance (refund of fare, claim for reimbursement of expenses ) except in points 41 and 42, Flagito service charge is 30% of the value of the satisfied claim. In case the airline or booking portal reimburses directly to the Passenger(s) bank account, Flagito is entitled to 30% of the compensation per Passenger. If the Passenger accepts non-monetary payment ( e.g gift card ) the Passenger is obligated to pay service charge which is 30% of the compensation per Passenger.<\/p>\n<h3>7. Payment to Client<\/h3>\n<p>44. Flagito`s service fee of 30% includes but is not limited to the legal analyze of the Compensation; consultation of the Client; examinating and collecting evidence; communicating with the Client, official institutions, air carriers or third parties; analyzing national and international case-law; composing motivated answers to Clients; composing and sending legally motivated claim letters to air carriers; composing legally motivated court documents; post- and communication fees; bearing all costs and risks in civil court proceedings, consumer protection proceedings or other dispute settlement proceedings .<br \/>\n45. Flagito shall pay 70% of the amount of the satisfied Compensation to Client in reasonable time after receiving the Compensation from the air carrier.<br \/>\n46. When Flagito is unable to receive a Compensation from the air carrier then Flagito is not obliged to pay anything to the Client.<br \/>\n47. All the fees and compensations are in Euros.<\/p>\n<h3>8. Ending the contract<\/h3>\n<p>48. The contract ends when Flagito has transferred the amount of Compensation stated in part 6 (Price list) of this Terms of Use..<br \/>\n49. When Flagito determines that the claim has no merit or is not perspective enough then Flagito may cancel the contract any time.<br \/>\n50. When the Client has agreed to the Terms of Use and agreed to start the proceedings then the Client loses the right to cancel the contract according to the V\u00d5S \u00a7 47(3)(1) when Flagito has determined that claiming Compensation may be successful and has started the proceedings (sent the first e-mail to air carrier) as with that Flagito has done enough for the air carrier to pay Compensation.<br \/>\n51. When Flagito has not started the proceedings (sent a first letter to the air carrier) then the client has the right to cancel the contract in 14 days from concluding this contract without a reason.<\/p>\n<h3>9. Using personal data<\/h3>\n<p>52. With accordance to the personal protection laws, personal information is processed only with the permission of the Client and only in the extent what is necessary to provide the services. When using Flagito`s service the Client agrees that his\/her:<br \/>\n52.1. personal data is processed in Flagito`s info systems;<br \/>\n52.2. personal Estonian identification code, contact information, flight reservation number shall be used to request information about the Client from different data bases if that is necessary to carry out the proceedings.<br \/>\n52.3. personal information is used and forwarded to consumer protection agencies, courts or\/and other institutions used to settle the dispute.<\/p>\n<h3>10. Copyright<\/h3>\n<p>53. Flagito has the sole right to trademark, design, and\/or other works which are copyright protected and has the sole right to use the same or similar elements which are published on the Web Platform and which belong to Flagito or to a third party.<\/p>\n<h3>11. Responsibility<\/h3>\n<p>54. Flagito is not responsible in front of the Client in any case in the amount of more than 70% of the Compensation.<br \/>\n55. When Flagito cancels the contract because Flagito determines that the claim has no merit then the parties have no monetary nor non-patrimonial claims against each other.<\/p>\n<h3>12. General conditions<\/h3>\n<p>56. Applicable law to this contract is the law of the Republic of Estonia.<br \/>\n57. Disputes arising from this contract shall firstly be settled through negotiations. When the negotiations do not solve the dispute then parties have the right to argue the dispute in the Estonian Consumer Protection and Technical Regulatory Authority or in Harju Maakohus.<br \/>\n58. Flagito has the right to amend the Terms of Use unilaterally.<br \/>\n59. Flagito may unilaterally without a prior notification restrict or cancel access to the Web Platform when the Client has breached the Term of Use or the security of Web Platform is threatened.<br \/>\n60. The nullity of a part of a term of use does not render the other parts void<br \/>\n61. Comments regarding possible changes or ideas regarding the Terms of Use may be submitted to\u00a0<a href=\"mailto:info@flagito.eu\">info@flagito.eu<\/a><\/p>\n","protected":false},"excerpt":{"rendered":"<p>Terms &amp; Conditions 1. Definitions 1.\u00a0Flagito\u00a0\u2013 Flagito O\u00dc is an enterprise that helps clients to claim compensatory damages and\/or Compensation. from air carriers according to different regulations and acts. 2.\u00a0Client\u00a0\u2013 A natural person who has agreed to the present conditions and has provided information and filled the questionary 3.\u00a0Compensation\u00a0\u2013 Monetary payment paid by the air [&hellip;]<\/p>\n","protected":false},"author":1,"featured_media":0,"parent":0,"menu_order":0,"comment_status":"closed","ping_status":"closed","template":"templates\/page-terms.php","meta":[],"yoast_head":"<!-- This site is optimized with the Yoast SEO plugin v19.6 - https:\/\/yoast.com\/wordpress\/plugins\/seo\/ -->\n<title>Terms &amp; Conditions - Lennuh\u00fcvitis kui lend hilineb v\u00f5i t\u00fchistatakse<\/title>\n<meta name=\"robots\" content=\"index, follow, max-snippet:-1, max-image-preview:large, max-video-preview:-1\" \/>\n<link rel=\"canonical\" href=\"https:\/\/flagito.eu\/en\/terms-and-conditions\/\" \/>\n<meta property=\"og:locale\" content=\"en_US\" \/>\n<meta property=\"og:type\" content=\"article\" \/>\n<meta property=\"og:title\" content=\"Terms &amp; Conditions - Lennuh\u00fcvitis kui lend hilineb v\u00f5i t\u00fchistatakse\" \/>\n<meta property=\"og:description\" content=\"Terms &amp; Conditions 1. Definitions 1.\u00a0Flagito\u00a0\u2013 Flagito O\u00dc is an enterprise that helps clients to claim compensatory damages and\/or Compensation. from air carriers according to different regulations and acts. 2.\u00a0Client\u00a0\u2013 A natural person who has agreed to the present conditions and has provided information and filled the questionary 3.\u00a0Compensation\u00a0\u2013 Monetary payment paid by the air [&hellip;]\" \/>\n<meta property=\"og:url\" content=\"https:\/\/flagito.eu\/en\/terms-and-conditions\/\" \/>\n<meta property=\"og:site_name\" content=\"Lennuh\u00fcvitis kui lend hilineb v\u00f5i t\u00fchistatakse\" \/>\n<meta property=\"article:publisher\" content=\"https:\/\/www.facebook.com\/Flagito\" \/>\n<meta property=\"article:modified_time\" content=\"2023-04-09T14:14:46+00:00\" \/>\n<meta name=\"twitter:card\" content=\"summary_large_image\" \/>\n<meta name=\"twitter:label1\" content=\"Est. reading time\" \/>\n\t<meta name=\"twitter:data1\" content=\"9 minutes\" \/>\n<script type=\"application\/ld+json\" class=\"yoast-schema-graph\">{\"@context\":\"https:\/\/schema.org\",\"@graph\":[{\"@type\":\"WebPage\",\"@id\":\"https:\/\/flagito.eu\/en\/terms-and-conditions\/\",\"url\":\"https:\/\/flagito.eu\/en\/terms-and-conditions\/\",\"name\":\"Terms & Conditions - Lennuh\u00fcvitis kui lend hilineb v\u00f5i t\u00fchistatakse\",\"isPartOf\":{\"@id\":\"https:\/\/flagito.eu\/#website\"},\"datePublished\":\"2020-07-20T17:07:23+00:00\",\"dateModified\":\"2023-04-09T14:14:46+00:00\",\"breadcrumb\":{\"@id\":\"https:\/\/flagito.eu\/en\/terms-and-conditions\/#breadcrumb\"},\"inLanguage\":\"en-US\",\"potentialAction\":[{\"@type\":\"ReadAction\",\"target\":[\"https:\/\/flagito.eu\/en\/terms-and-conditions\/\"]}]},{\"@type\":\"BreadcrumbList\",\"@id\":\"https:\/\/flagito.eu\/en\/terms-and-conditions\/#breadcrumb\",\"itemListElement\":[{\"@type\":\"ListItem\",\"position\":1,\"name\":\"Home\",\"item\":\"https:\/\/flagito.eu\/en\/\"},{\"@type\":\"ListItem\",\"position\":2,\"name\":\"Terms &#038; Conditions\"}]},{\"@type\":\"WebSite\",\"@id\":\"https:\/\/flagito.eu\/#website\",\"url\":\"https:\/\/flagito.eu\/\",\"name\":\"Lennuh\u00fcvitis kui lend hilineb v\u00f5i t\u00fchistatakse\",\"description\":\"Lennuh\u00fcvitis kui lend hilineb v\u00f5i t\u00fchistatakse\",\"inLanguage\":\"en-US\"}]}<\/script>\n<!-- \/ Yoast SEO plugin. -->","yoast_head_json":{"title":"Terms & Conditions - Lennuh\u00fcvitis kui lend hilineb v\u00f5i t\u00fchistatakse","robots":{"index":"index","follow":"follow","max-snippet":"max-snippet:-1","max-image-preview":"max-image-preview:large","max-video-preview":"max-video-preview:-1"},"canonical":"https:\/\/flagito.eu\/en\/terms-and-conditions\/","og_locale":"en_US","og_type":"article","og_title":"Terms & Conditions - Lennuh\u00fcvitis kui lend hilineb v\u00f5i t\u00fchistatakse","og_description":"Terms &amp; Conditions 1. Definitions 1.\u00a0Flagito\u00a0\u2013 Flagito O\u00dc is an enterprise that helps clients to claim compensatory damages and\/or Compensation. from air carriers according to different regulations and acts. 2.\u00a0Client\u00a0\u2013 A natural person who has agreed to the present conditions and has provided information and filled the questionary 3.\u00a0Compensation\u00a0\u2013 Monetary payment paid by the air [&hellip;]","og_url":"https:\/\/flagito.eu\/en\/terms-and-conditions\/","og_site_name":"Lennuh\u00fcvitis kui lend hilineb v\u00f5i t\u00fchistatakse","article_publisher":"https:\/\/www.facebook.com\/Flagito","article_modified_time":"2023-04-09T14:14:46+00:00","twitter_card":"summary_large_image","twitter_misc":{"Est. reading time":"9 minutes"},"schema":{"@context":"https:\/\/schema.org","@graph":[{"@type":"WebPage","@id":"https:\/\/flagito.eu\/en\/terms-and-conditions\/","url":"https:\/\/flagito.eu\/en\/terms-and-conditions\/","name":"Terms & Conditions - Lennuh\u00fcvitis kui lend hilineb v\u00f5i t\u00fchistatakse","isPartOf":{"@id":"https:\/\/flagito.eu\/#website"},"datePublished":"2020-07-20T17:07:23+00:00","dateModified":"2023-04-09T14:14:46+00:00","breadcrumb":{"@id":"https:\/\/flagito.eu\/en\/terms-and-conditions\/#breadcrumb"},"inLanguage":"en-US","potentialAction":[{"@type":"ReadAction","target":["https:\/\/flagito.eu\/en\/terms-and-conditions\/"]}]},{"@type":"BreadcrumbList","@id":"https:\/\/flagito.eu\/en\/terms-and-conditions\/#breadcrumb","itemListElement":[{"@type":"ListItem","position":1,"name":"Home","item":"https:\/\/flagito.eu\/en\/"},{"@type":"ListItem","position":2,"name":"Terms &#038; Conditions"}]},{"@type":"WebSite","@id":"https:\/\/flagito.eu\/#website","url":"https:\/\/flagito.eu\/","name":"Lennuh\u00fcvitis kui lend hilineb v\u00f5i t\u00fchistatakse","description":"Lennuh\u00fcvitis kui lend hilineb v\u00f5i t\u00fchistatakse","inLanguage":"en-US"}]}},"_links":{"self":[{"href":"https:\/\/flagito.eu\/en\/wp-json\/wp\/v2\/pages\/68"}],"collection":[{"href":"https:\/\/flagito.eu\/en\/wp-json\/wp\/v2\/pages"}],"about":[{"href":"https:\/\/flagito.eu\/en\/wp-json\/wp\/v2\/types\/page"}],"author":[{"embeddable":true,"href":"https:\/\/flagito.eu\/en\/wp-json\/wp\/v2\/users\/1"}],"replies":[{"embeddable":true,"href":"https:\/\/flagito.eu\/en\/wp-json\/wp\/v2\/comments?post=68"}],"version-history":[{"count":5,"href":"https:\/\/flagito.eu\/en\/wp-json\/wp\/v2\/pages\/68\/revisions"}],"predecessor-version":[{"id":2276,"href":"https:\/\/flagito.eu\/en\/wp-json\/wp\/v2\/pages\/68\/revisions\/2276"}],"wp:attachment":[{"href":"https:\/\/flagito.eu\/en\/wp-json\/wp\/v2\/media?parent=68"}],"curies":[{"name":"wp","href":"https:\/\/api.w.org\/{rel}","templated":true}]}}