{"id":181,"date":"2021-12-19T10:37:08","date_gmt":"2021-12-19T10:37:08","guid":{"rendered":"http:\/\/flagito.ee\/?page_id=181"},"modified":"2021-12-19T10:37:08","modified_gmt":"2021-12-19T10:37:08","slug":"181-2","status":"publish","type":"page","link":"https:\/\/flagito.eu\/ru\/","title":{"rendered":""},"content":{"rendered":"","protected":false},"excerpt":{"rendered":"","protected":false},"author":1,"featured_media":0,"parent":0,"menu_order":0,"comment_status":"closed","ping_status":"closed","template":"","meta":{"footnotes":""},"class_list":["post-181","page","type-page","status-publish","hentry"],"yoast_head":"<!-- This site is optimized with the Yoast SEO plugin v27.5 - https:\/\/yoast.com\/product\/yoast-seo-wordpress\/ -->\n<title>- Lennuh\u00fcvitis kui lend hilineb v\u00f5i t\u00fchistatakse<\/title>\n<meta name=\"robots\" content=\"index, follow, max-snippet:-1, max-image-preview:large, max-video-preview:-1\" \/>\n<link rel=\"canonical\" href=\"https:\/\/flagito.eu\/ru\/\" \/>\n<meta property=\"og:locale\" content=\"ru_RU\" \/>\n<meta property=\"og:type\" content=\"article\" \/>\n<meta property=\"og:title\" content=\"- Lennuh\u00fcvitis kui lend hilineb v\u00f5i t\u00fchistatakse\" \/>\n<meta property=\"og:url\" content=\"https:\/\/flagito.eu\/ru\/\" \/>\n<meta property=\"og:site_name\" content=\"Lennuh\u00fcvitis kui lend hilineb v\u00f5i t\u00fchistatakse\" \/>\n<meta property=\"article:publisher\" content=\"https:\/\/www.facebook.com\/Flagito\" \/>\n<meta name=\"twitter:card\" content=\"summary_large_image\" \/>\n<script type=\"application\/ld+json\" class=\"yoast-schema-graph\">{\"@context\":\"https:\\\/\\\/schema.org\",\"@graph\":[{\"@type\":\"WebPage\",\"@id\":\"https:\\\/\\\/flagito.eu\\\/ru\\\/\",\"url\":\"https:\\\/\\\/flagito.eu\\\/ru\\\/\",\"name\":\"- Lennuh\u00fcvitis kui lend hilineb v\u00f5i t\u00fchistatakse\",\"isPartOf\":{\"@id\":\"https:\\\/\\\/flagito.eu\\\/#website\"},\"datePublished\":\"2021-12-19T10:37:08+00:00\",\"inLanguage\":\"ru-RU\",\"potentialAction\":[{\"@type\":\"ReadAction\",\"target\":[\"https:\\\/\\\/flagito.eu\\\/ru\\\/\"]}]},{\"@type\":\"WebSite\",\"@id\":\"https:\\\/\\\/flagito.eu\\\/#website\",\"url\":\"https:\\\/\\\/flagito.eu\\\/\",\"name\":\"Lennuh\u00fcvitis kui lend hilineb v\u00f5i t\u00fchistatakse\",\"description\":\"Lennuh\u00fcvitis kui lend hilineb v\u00f5i t\u00fchistatakse\",\"inLanguage\":\"ru-RU\"}]}<\/script>\n<!-- \/ Yoast SEO plugin. -->","yoast_head_json":{"title":"- Lennuh\u00fcvitis kui lend hilineb v\u00f5i t\u00fchistatakse","robots":{"index":"index","follow":"follow","max-snippet":"max-snippet:-1","max-image-preview":"max-image-preview:large","max-video-preview":"max-video-preview:-1"},"canonical":"https:\/\/flagito.eu\/ru\/","og_locale":"ru_RU","og_type":"article","og_title":"- Lennuh\u00fcvitis kui lend hilineb v\u00f5i t\u00fchistatakse","og_url":"https:\/\/flagito.eu\/ru\/","og_site_name":"Lennuh\u00fcvitis kui lend hilineb v\u00f5i t\u00fchistatakse","article_publisher":"https:\/\/www.facebook.com\/Flagito","twitter_card":"summary_large_image","schema":{"@context":"https:\/\/schema.org","@graph":[{"@type":"WebPage","@id":"https:\/\/flagito.eu\/ru\/","url":"https:\/\/flagito.eu\/ru\/","name":"- Lennuh\u00fcvitis kui lend hilineb v\u00f5i t\u00fchistatakse","isPartOf":{"@id":"https:\/\/flagito.eu\/#website"},"datePublished":"2021-12-19T10:37:08+00:00","inLanguage":"ru-RU","potentialAction":[{"@type":"ReadAction","target":["https:\/\/flagito.eu\/ru\/"]}]},{"@type":"WebSite","@id":"https:\/\/flagito.eu\/#website","url":"https:\/\/flagito.eu\/","name":"Lennuh\u00fcvitis kui lend hilineb v\u00f5i t\u00fchistatakse","description":"Lennuh\u00fcvitis kui lend hilineb v\u00f5i t\u00fchistatakse","inLanguage":"ru-RU"}]}},"_links":{"self":[{"href":"https:\/\/flagito.eu\/ru\/wp-json\/wp\/v2\/pages\/181","targetHints":{"allow":["GET"]}}],"collection":[{"href":"https:\/\/flagito.eu\/ru\/wp-json\/wp\/v2\/pages"}],"about":[{"href":"https:\/\/flagito.eu\/ru\/wp-json\/wp\/v2\/types\/page"}],"author":[{"embeddable":true,"href":"https:\/\/flagito.eu\/ru\/wp-json\/wp\/v2\/users\/1"}],"replies":[{"embeddable":true,"href":"https:\/\/flagito.eu\/ru\/wp-json\/wp\/v2\/comments?post=181"}],"version-history":[{"count":1,"href":"https:\/\/flagito.eu\/ru\/wp-json\/wp\/v2\/pages\/181\/revisions"}],"predecessor-version":[{"id":191,"href":"https:\/\/flagito.eu\/ru\/wp-json\/wp\/v2\/pages\/181\/revisions\/191"}],"wp:attachment":[{"href":"https:\/\/flagito.eu\/ru\/wp-json\/wp\/v2\/media?parent=181"}],"curies":[{"name":"wp","href":"https:\/\/api.w.org\/{rel}","templated":true}]}}