{"id":183,"date":"2021-12-19T10:37:45","date_gmt":"2021-12-19T10:37:45","guid":{"rendered":"http:\/\/flagito.ee\/?page_id=183"},"modified":"2023-08-08T08:11:22","modified_gmt":"2023-08-08T08:11:22","slug":"meeskond","status":"publish","type":"page","link":"https:\/\/flagito.eu\/ru\/meeskond\/","title":{"rendered":"Meeskond"},"content":{"rendered":"<p><strong>\u042d\u043b. \u0430\u0434\u0440\u0435\u0441<\/strong>: info@flagito.eu<\/p>\n<p><strong>AS LHV Pank (Tartu mnt 2, 10145 Tallinn)<\/strong><br \/>\n<strong>IBAN<\/strong>: EE817700771003138305<br \/>\n<strong>SWIFT kood<\/strong>\/BIC:LHVBEE22<\/p>\n","protected":false},"excerpt":{"rendered":"<p>\u042d\u043b. \u0430\u0434\u0440\u0435\u0441: info@flagito.eu AS LHV Pank (Tartu mnt 2, 10145 Tallinn) IBAN: EE817700771003138305 SWIFT kood\/BIC:LHVBEE22<\/p>\n","protected":false},"author":1,"featured_media":0,"parent":0,"menu_order":0,"comment_status":"closed","ping_status":"closed","template":"templates\/page-team.php","meta":[],"yoast_head":"<!-- This site is optimized with the Yoast SEO plugin v19.6 - https:\/\/yoast.com\/wordpress\/plugins\/seo\/ -->\n<title>Meeskond - Lennuh\u00fcvitis kui lend hilineb v\u00f5i t\u00fchistatakse<\/title>\n<meta name=\"robots\" content=\"index, follow, max-snippet:-1, max-image-preview:large, max-video-preview:-1\" \/>\n<link rel=\"canonical\" href=\"https:\/\/flagito.eu\/ru\/meeskond\/\" \/>\n<meta property=\"og:locale\" content=\"ru_RU\" \/>\n<meta property=\"og:type\" content=\"article\" \/>\n<meta property=\"og:title\" content=\"Meeskond - Lennuh\u00fcvitis kui lend hilineb v\u00f5i t\u00fchistatakse\" \/>\n<meta property=\"og:description\" content=\"\u042d\u043b. \u0430\u0434\u0440\u0435\u0441: info@flagito.eu AS LHV Pank (Tartu mnt 2, 10145 Tallinn) IBAN: EE817700771003138305 SWIFT kood\/BIC:LHVBEE22\" \/>\n<meta property=\"og:url\" content=\"https:\/\/flagito.eu\/ru\/meeskond\/\" \/>\n<meta property=\"og:site_name\" content=\"Lennuh\u00fcvitis kui lend hilineb v\u00f5i t\u00fchistatakse\" \/>\n<meta property=\"article:publisher\" content=\"https:\/\/www.facebook.com\/Flagito\" \/>\n<meta property=\"article:modified_time\" content=\"2023-08-08T08:11:22+00:00\" \/>\n<meta name=\"twitter:card\" content=\"summary_large_image\" \/>\n<meta name=\"twitter:label1\" content=\"\u041f\u0440\u0438\u043c\u0435\u0440\u043d\u043e\u0435 \u0432\u0440\u0435\u043c\u044f \u0434\u043b\u044f \u0447\u0442\u0435\u043d\u0438\u044f\" \/>\n\t<meta name=\"twitter:data1\" content=\"1 \u043c\u0438\u043d\u0443\u0442\u0430\" \/>\n<script type=\"application\/ld+json\" class=\"yoast-schema-graph\">{\"@context\":\"https:\/\/schema.org\",\"@graph\":[{\"@type\":\"WebPage\",\"@id\":\"https:\/\/flagito.eu\/ru\/meeskond\/\",\"url\":\"https:\/\/flagito.eu\/ru\/meeskond\/\",\"name\":\"Meeskond - Lennuh\u00fcvitis kui lend hilineb v\u00f5i t\u00fchistatakse\",\"isPartOf\":{\"@id\":\"https:\/\/flagito.eu\/#website\"},\"datePublished\":\"2021-12-19T10:37:45+00:00\",\"dateModified\":\"2023-08-08T08:11:22+00:00\",\"breadcrumb\":{\"@id\":\"https:\/\/flagito.eu\/ru\/meeskond\/#breadcrumb\"},\"inLanguage\":\"ru-RU\",\"potentialAction\":[{\"@type\":\"ReadAction\",\"target\":[\"https:\/\/flagito.eu\/ru\/meeskond\/\"]}]},{\"@type\":\"BreadcrumbList\",\"@id\":\"https:\/\/flagito.eu\/ru\/meeskond\/#breadcrumb\",\"itemListElement\":[{\"@type\":\"ListItem\",\"position\":1,\"name\":\"Home\",\"item\":\"https:\/\/flagito.eu\/ru\/\"},{\"@type\":\"ListItem\",\"position\":2,\"name\":\"Meeskond\"}]},{\"@type\":\"WebSite\",\"@id\":\"https:\/\/flagito.eu\/#website\",\"url\":\"https:\/\/flagito.eu\/\",\"name\":\"Lennuh\u00fcvitis kui lend hilineb v\u00f5i t\u00fchistatakse\",\"description\":\"Lennuh\u00fcvitis kui lend hilineb v\u00f5i t\u00fchistatakse\",\"inLanguage\":\"ru-RU\"}]}<\/script>\n<!-- \/ Yoast SEO plugin. -->","yoast_head_json":{"title":"Meeskond - Lennuh\u00fcvitis kui lend hilineb v\u00f5i t\u00fchistatakse","robots":{"index":"index","follow":"follow","max-snippet":"max-snippet:-1","max-image-preview":"max-image-preview:large","max-video-preview":"max-video-preview:-1"},"canonical":"https:\/\/flagito.eu\/ru\/meeskond\/","og_locale":"ru_RU","og_type":"article","og_title":"Meeskond - Lennuh\u00fcvitis kui lend hilineb v\u00f5i t\u00fchistatakse","og_description":"\u042d\u043b. \u0430\u0434\u0440\u0435\u0441: info@flagito.eu AS LHV Pank (Tartu mnt 2, 10145 Tallinn) IBAN: EE817700771003138305 SWIFT kood\/BIC:LHVBEE22","og_url":"https:\/\/flagito.eu\/ru\/meeskond\/","og_site_name":"Lennuh\u00fcvitis kui lend hilineb v\u00f5i t\u00fchistatakse","article_publisher":"https:\/\/www.facebook.com\/Flagito","article_modified_time":"2023-08-08T08:11:22+00:00","twitter_card":"summary_large_image","twitter_misc":{"\u041f\u0440\u0438\u043c\u0435\u0440\u043d\u043e\u0435 \u0432\u0440\u0435\u043c\u044f \u0434\u043b\u044f \u0447\u0442\u0435\u043d\u0438\u044f":"1 \u043c\u0438\u043d\u0443\u0442\u0430"},"schema":{"@context":"https:\/\/schema.org","@graph":[{"@type":"WebPage","@id":"https:\/\/flagito.eu\/ru\/meeskond\/","url":"https:\/\/flagito.eu\/ru\/meeskond\/","name":"Meeskond - Lennuh\u00fcvitis kui lend hilineb v\u00f5i t\u00fchistatakse","isPartOf":{"@id":"https:\/\/flagito.eu\/#website"},"datePublished":"2021-12-19T10:37:45+00:00","dateModified":"2023-08-08T08:11:22+00:00","breadcrumb":{"@id":"https:\/\/flagito.eu\/ru\/meeskond\/#breadcrumb"},"inLanguage":"ru-RU","potentialAction":[{"@type":"ReadAction","target":["https:\/\/flagito.eu\/ru\/meeskond\/"]}]},{"@type":"BreadcrumbList","@id":"https:\/\/flagito.eu\/ru\/meeskond\/#breadcrumb","itemListElement":[{"@type":"ListItem","position":1,"name":"Home","item":"https:\/\/flagito.eu\/ru\/"},{"@type":"ListItem","position":2,"name":"Meeskond"}]},{"@type":"WebSite","@id":"https:\/\/flagito.eu\/#website","url":"https:\/\/flagito.eu\/","name":"Lennuh\u00fcvitis kui lend hilineb v\u00f5i t\u00fchistatakse","description":"Lennuh\u00fcvitis kui lend hilineb v\u00f5i t\u00fchistatakse","inLanguage":"ru-RU"}]}},"_links":{"self":[{"href":"https:\/\/flagito.eu\/ru\/wp-json\/wp\/v2\/pages\/183"}],"collection":[{"href":"https:\/\/flagito.eu\/ru\/wp-json\/wp\/v2\/pages"}],"about":[{"href":"https:\/\/flagito.eu\/ru\/wp-json\/wp\/v2\/types\/page"}],"author":[{"embeddable":true,"href":"https:\/\/flagito.eu\/ru\/wp-json\/wp\/v2\/users\/1"}],"replies":[{"embeddable":true,"href":"https:\/\/flagito.eu\/ru\/wp-json\/wp\/v2\/comments?post=183"}],"version-history":[{"count":3,"href":"https:\/\/flagito.eu\/ru\/wp-json\/wp\/v2\/pages\/183\/revisions"}],"predecessor-version":[{"id":2303,"href":"https:\/\/flagito.eu\/ru\/wp-json\/wp\/v2\/pages\/183\/revisions\/2303"}],"wp:attachment":[{"href":"https:\/\/flagito.eu\/ru\/wp-json\/wp\/v2\/media?parent=183"}],"curies":[{"name":"wp","href":"https:\/\/api.w.org\/{rel}","templated":true}]}}